{"id":86,"date":"2016-10-11T08:28:05","date_gmt":"2016-10-11T08:28:05","guid":{"rendered":"https:\/\/cundawindsurf.com\/?page_id=86"},"modified":"2024-10-31T11:18:07","modified_gmt":"2024-10-31T11:18:07","slug":"home","status":"publish","type":"page","link":"https:\/\/cundawindsurf.com\/","title":{"rendered":"Ana Sayfa"},"content":{"rendered":"<div class=\"wpb-content-wrapper\"><p>[vc_row full_width=&#8221;stretch_row_content_no_spaces&#8221;][vc_column][rev_slider_vc alias=&#8221;home-1&#8243;][\/vc_column][\/vc_row][vc_row full_width=&#8221;stretch_row&#8221; css=&#8221;.vc_custom_1476947842768{padding-top: 5.8em !important;padding-bottom: 7.1em !important;}&#8221;][vc_column width=&#8221;1\/3&#8243; css=&#8221;.vc_custom_1476947699499{padding-right: 2em !important;}&#8221;][vc_single_image image=&#8221;1138&#8243; img_size=&#8221;300&#215;320&#8243; alignment=&#8221;right&#8221; style=&#8221;vc_box_circle_2&#8243; css=&#8221;&#8221;][\/vc_column][vc_column width=&#8221;2\/3&#8243; css=&#8221;.vc_custom_1476947748964{padding-top: 2.5em !important;padding-left: 2.9em !important;}&#8221;]<div id=\"sc_title_740259462\"\n\t\tclass=\"scheme_default sc_title sc_title_default\"><h3 class=\"sc_item_title sc_title_title sc_align_left sc_item_title_style_title-medium-size-style\">R\u00dcZGARIN KEYF\u0130N\u0130 \u00c7IKARIN<\/h3><\/div><!-- \/.sc_title -->[vc_column_text css=&#8221;.vc_custom_1729231813402{margin-top: 2em !important;margin-bottom: 2em !important;}&#8221;]R\u00fczgar s\u00f6rf\u00fc, s\u00f6rf ve yelkencilik unsurlar\u0131n\u0131 birle\u015ftiren bir y\u00fczey su sporudur. R\u00fczgar s\u00f6rf\u00fc, s\u00f6rf sporlar\u0131n\u0131n rahat k\u00fclt\u00fcr\u00fcd\u00fcr. R\u00fczgar s\u00f6rf\u00fc, di\u011fer yelkenli tekne tasar\u0131mlar\u0131n\u0131n kapsam\u0131n\u0131n d\u0131\u015f\u0131nda deneyimler sunar. R\u00fczgar s\u00f6rf\u00e7\u00fcleri, hi\u00e7bir yelkenli teknenin yapamayaca\u011f\u0131 s\u0131\u00e7ramalar, ters d\u00f6ng\u00fcler, d\u00f6n\u00fc\u015f manevralar\u0131 ve di\u011fer &#8220;serbest stil&#8221; hareketlerini ger\u00e7ekle\u015ftirebilirler. R\u00fczgar s\u00f6rf\u00e7\u00fcleri, d\u00fcnyan\u0131n en b\u00fcy\u00fck dalgalar\u0131nda ilk s\u00f6rf yapanlard\u0131.[\/vc_column_text][\/vc_column][\/vc_row][vc_row full_width=&#8221;stretch_row&#8221; parallax=&#8221;content-moving&#8221; parallax_image=&#8221;1136&#8243; css=&#8221;.vc_custom_1729589501803{padding-top: 6.2em !important;padding-bottom: 7.2em !important;background-image: url(https:\/\/cundawindsurf.com\/wp-content\/uploads\/2016\/10\/parallax_1.jpg?id=366) !important;}&#8221; el_id=&#8221;services&#8221;][vc_column]<div class=\"sc_services sc_services_default\" data-slides-per-view=&quot;3&quot; data-slides-min-width=\"200\"\t\t>\n\t\t<h3 class=\"sc_item_title sc_services_title sc_align_default sc_item_title_style_inverse-title-style\">Sunduklar\u0131m\u0131z<\/h3><div class=\"sc_services_columns sc_item_columns trx_addons_columns_wrap columns_padding_bottom\"><div class=\"trx_addons_column-1_3\"><div class=\"sc_services_item with_image sc_services_item_featured_top\">\r\n\t<div class=\"post_featured with_thumb hover_dots sc_services_item_thumb\"><img loading=\"lazy\" decoding=\"async\" width=\"540\" height=\"468\" src=\"https:\/\/cundawindsurf.com\/wp-content\/uploads\/2024\/10\/cunda3-540x468.jpg\" class=\"attachment-malta-thumb-services size-malta-thumb-services wp-post-image\" alt=\"E\u011fitim ve Sertifikasyon\" \/><div class=\"mask\"><\/div><a href=\"https:\/\/cundawindsurf.com\/?cpt_services=instruction\" aria-hidden=\"true\" class=\"icons\"><span><\/span><span><\/span><span><\/span><\/a><\/div>\t\r\n\t<div class=\"sc_services_item_info\">\r\n\t\t<div class=\"sc_services_item_header\">\r\n\t\t\t<h4 class=\"sc_services_item_title\"><a href=\"https:\/\/cundawindsurf.com\/?cpt_services=instruction\">E\u011fitim ve Sertifikasyon<\/a><\/h4>\r\n\t\t\t<div class=\"sc_services_item_subtitle\"><a href=\"https:\/\/cundawindsurf.com\/?cpt_services_group=hizmetlerimiz\" title=\"View all posts in Sunduklar\u0131m\u0131z\">Sunduklar\u0131m\u0131z<\/a><\/div>\r\n\t\t<\/div>\r\n\t\t\t\t\t<div class=\"sc_services_item_content\"><p>TUYEP program\u0131na uygun e\u011fitimle, temel yelken bilgisi ve pratik kazan\u0131m\u0131 sa\u011fl\u0131yoruz.<\/p>\n<\/div>\r\n\t\t\t<div class=\"sc_services_item_button sc_item_button\"><a href=\"https:\/\/cundawindsurf.com\/?cpt_services=instruction\" class=\"sc_button sc_button_simple\">Learn more<\/a><\/div>\r\n\t\t\t<\/div>\r\n<\/div>\r\n<\/div><div class=\"trx_addons_column-1_3\"><div class=\"sc_services_item with_image sc_services_item_featured_top\">\r\n\t<div class=\"post_featured with_thumb hover_dots sc_services_item_thumb\"><img loading=\"lazy\" decoding=\"async\" width=\"540\" height=\"468\" src=\"https:\/\/cundawindsurf.com\/wp-content\/uploads\/2024\/10\/cunda312031-540x468.jpg\" class=\"attachment-malta-thumb-services size-malta-thumb-services wp-post-image\" alt=\"Kapsaml\u0131 Windsurf Ekipmanlar\u0131 ve Olanaklar\u0131\" \/><div class=\"mask\"><\/div><a href=\"https:\/\/cundawindsurf.com\/?cpt_services=equipment-rental-2\" aria-hidden=\"true\" class=\"icons\"><span><\/span><span><\/span><span><\/span><\/a><\/div>\t\r\n\t<div class=\"sc_services_item_info\">\r\n\t\t<div class=\"sc_services_item_header\">\r\n\t\t\t<h4 class=\"sc_services_item_title\"><a href=\"https:\/\/cundawindsurf.com\/?cpt_services=equipment-rental-2\">Kapsaml\u0131 Windsurf Ekipmanlar\u0131 ve Olanaklar\u0131<\/a><\/h4>\r\n\t\t\t<div class=\"sc_services_item_subtitle\"><a href=\"https:\/\/cundawindsurf.com\/?cpt_services_group=hizmetlerimiz\" title=\"View all posts in Sunduklar\u0131m\u0131z\">Sunduklar\u0131m\u0131z<\/a><\/div>\r\n\t\t<\/div>\r\n\t\t\t\t\t<div class=\"sc_services_item_content\"><p>Techno293 yelkenleri ve paddleboard se\u00e7enekleriyle, her seviyeye uygun ekipman sunuyoruz.<\/p>\n<\/div>\r\n\t\t\t<div class=\"sc_services_item_button sc_item_button\"><a href=\"https:\/\/cundawindsurf.com\/?cpt_services=equipment-rental-2\" class=\"sc_button sc_button_simple\">Learn more<\/a><\/div>\r\n\t\t\t<\/div>\r\n<\/div>\r\n<\/div><div class=\"trx_addons_column-1_3\"><div class=\"sc_services_item with_image sc_services_item_featured_top\">\r\n\t<div class=\"post_featured with_thumb hover_dots sc_services_item_thumb\"><img loading=\"lazy\" decoding=\"async\" width=\"540\" height=\"468\" src=\"https:\/\/cundawindsurf.com\/wp-content\/uploads\/2024\/10\/cunda7-540x468.jpg\" class=\"attachment-malta-thumb-services size-malta-thumb-services wp-post-image\" alt=\"Sosyal ve Rekabet\u00e7i Ortam\" \/><div class=\"mask\"><\/div><a href=\"https:\/\/cundawindsurf.com\/?cpt_services=unmatched-service\" aria-hidden=\"true\" class=\"icons\"><span><\/span><span><\/span><span><\/span><\/a><\/div>\t\r\n\t<div class=\"sc_services_item_info\">\r\n\t\t<div class=\"sc_services_item_header\">\r\n\t\t\t<h4 class=\"sc_services_item_title\"><a href=\"https:\/\/cundawindsurf.com\/?cpt_services=unmatched-service\">Sosyal ve Rekabet\u00e7i Ortam<\/a><\/h4>\r\n\t\t\t<div class=\"sc_services_item_subtitle\"><a href=\"https:\/\/cundawindsurf.com\/?cpt_services_group=hizmetlerimiz\" title=\"View all posts in Sunduklar\u0131m\u0131z\">Sunduklar\u0131m\u0131z<\/a><\/div>\r\n\t\t<\/div>\r\n\t\t\t\t\t<div class=\"sc_services_item_content\"><p>27 lisansl\u0131 sporcu ve olimpik yar\u0131\u015fmac\u0131larla, sosyal ve rekabet\u00e7i bir atmosfer sunuyoruz.<\/p>\n<\/div>\r\n\t\t\t<div class=\"sc_services_item_button sc_item_button\"><a href=\"https:\/\/cundawindsurf.com\/?cpt_services=unmatched-service\" class=\"sc_button sc_button_simple\">Learn more<\/a><\/div>\r\n\t\t\t<\/div>\r\n<\/div>\r\n<\/div><\/div><\/div><!-- \/.sc_services -->[\/vc_column][\/vc_row][vc_row css=&#8221;.vc_custom_1476957591163{padding-top: 7em !important;padding-bottom: 4.55em !important;}&#8221;][vc_column]<div class=\"sc_services sc_services_default\" data-slides-per-view=&quot;4&quot; data-slides-min-width=\"200\"\t\t>\n\t\t<h3 class=\"sc_item_title sc_services_title sc_align_default sc_item_title_style_title-medium-size-style\">Sponsorluk Olanaklar\u0131<\/h3><div class=\"sc_services_columns sc_item_columns trx_addons_columns_wrap columns_padding_bottom\"><div class=\"trx_addons_column-1_4\"><div class=\"sc_services_item with_icon sc_services_item_featured_top\">\r\n\t<a href=\"https:\/\/cundawindsurf.com\/?cpt_services=kulup-isim-sponsorlugu\"\r\n\t\t\t id=\"sc_services_2050874787_icon-info\"\r\n\t\t\t class=\"sc_services_item_icon icon-info\"\r\n\t\t\t ><\/a>\t\r\n\t<div class=\"sc_services_item_info\">\r\n\t\t<div class=\"sc_services_item_header\">\r\n\t\t\t<h4 class=\"sc_services_item_title\"><a href=\"https:\/\/cundawindsurf.com\/?cpt_services=kulup-isim-sponsorlugu\">Kul\u00fcp isim sponsorlu\u011fu<\/a><\/h4>\r\n\t\t\t<div class=\"sc_services_item_subtitle\"><a href=\"https:\/\/cundawindsurf.com\/?cpt_services_group=success\" title=\"View all posts in Sponsorluklar\">Sponsorluklar<\/a><\/div>\r\n\t\t<\/div>\r\n\t\t\t\t\t<div class=\"sc_services_item_content\">TYF\u2019nin belirledi\u011fi \u00f6l\u00e7\u00fclerde s\u00f6rf yelkenlerinde ve bayraklar\u00fczerinde logo kullan\u0131m hakk\u0131 TYF\u2019nin belirledi\u011fi \u00f6l\u00e7\u00fclerde yar\u0131\u015flarda kullan\u0131lan\u0131lan yelkenlerdelogo kullan\u0131m hakk\u0131 Olu\u015fturaca\u011f\u0131m\u0131z Cunda&hellip;<\/div>\r\n\t\t\t<div class=\"sc_services_item_button sc_item_button\"><a href=\"https:\/\/cundawindsurf.com\/?cpt_services=kulup-isim-sponsorlugu\" class=\"sc_button sc_button_simple\">Learn more<\/a><\/div>\r\n\t\t\t<\/div>\r\n<\/div>\r\n<\/div><div class=\"trx_addons_column-1_4\"><div class=\"sc_services_item with_icon sc_services_item_featured_top\">\r\n\t<a href=\"https:\/\/cundawindsurf.com\/?cpt_services=olimpik-takim-lojistik-sponsorlugu\"\r\n\t\t\t id=\"sc_services_2050874787_icon-info\"\r\n\t\t\t class=\"sc_services_item_icon icon-info\"\r\n\t\t\t ><\/a>\t\r\n\t<div class=\"sc_services_item_info\">\r\n\t\t<div class=\"sc_services_item_header\">\r\n\t\t\t<h4 class=\"sc_services_item_title\"><a href=\"https:\/\/cundawindsurf.com\/?cpt_services=olimpik-takim-lojistik-sponsorlugu\">Olimpik Tak\u0131m Lojistik Sponsorlu\u011fu<\/a><\/h4>\r\n\t\t\t<div class=\"sc_services_item_subtitle\"><a href=\"https:\/\/cundawindsurf.com\/?cpt_services_group=success\" title=\"View all posts in Sponsorluklar\">Sponsorluklar<\/a><\/div>\r\n\t\t<\/div>\r\n\t\t\t\t\t<div class=\"sc_services_item_content\"><p>Minib\u00fcs(Ford 2022\/Deluxe\/Kombi Van (Uzun\u015easi)\/320 L,5+1\/2.0 L Eco Blue Upgrade170 PS\/6 \u0130leri Otomatik\/Dizel Euro 6.2) Antren\u00f6r BotuNorth Star 4.85,50 HP- Honda<\/p>\n<\/div>\r\n\t\t\t<div class=\"sc_services_item_button sc_item_button\"><a href=\"https:\/\/cundawindsurf.com\/?cpt_services=olimpik-takim-lojistik-sponsorlugu\" class=\"sc_button sc_button_simple\">Learn more<\/a><\/div>\r\n\t\t\t<\/div>\r\n<\/div>\r\n<\/div><div class=\"trx_addons_column-1_4\"><div class=\"sc_services_item with_icon sc_services_item_featured_top\">\r\n\t<a href=\"https:\/\/cundawindsurf.com\/?cpt_services=olimpik-takim-sporcu-sponsorlugu\"\r\n\t\t\t id=\"sc_services_2050874787_icon-info\"\r\n\t\t\t class=\"sc_services_item_icon icon-info\"\r\n\t\t\t ><\/a>\t\r\n\t<div class=\"sc_services_item_info\">\r\n\t\t<div class=\"sc_services_item_header\">\r\n\t\t\t<h4 class=\"sc_services_item_title\"><a href=\"https:\/\/cundawindsurf.com\/?cpt_services=olimpik-takim-sporcu-sponsorlugu\">Olimpik Tak\u0131m Sporcu Sponsorlu\u011fu<\/a><\/h4>\r\n\t\t\t<div class=\"sc_services_item_subtitle\"><a href=\"https:\/\/cundawindsurf.com\/?cpt_services_group=success\" title=\"View all posts in Sponsorluklar\">Sponsorluklar<\/a><\/div>\r\n\t\t<\/div>\r\n\t\t\t\t\t<div class=\"sc_services_item_content\"><p>IQ FOILNurhayat G\u00dcVEN SPONSORLUK<\/p>\n<\/div>\r\n\t\t\t<div class=\"sc_services_item_button sc_item_button\"><a href=\"https:\/\/cundawindsurf.com\/?cpt_services=olimpik-takim-sporcu-sponsorlugu\" class=\"sc_button sc_button_simple\">Learn more<\/a><\/div>\r\n\t\t\t<\/div>\r\n<\/div>\r\n<\/div><div class=\"trx_addons_column-1_4\"><div class=\"sc_services_item with_icon sc_services_item_featured_top\">\r\n\t<a href=\"https:\/\/cundawindsurf.com\/?cpt_services=sorf-okulu-sponsorlugu\"\r\n\t\t\t id=\"sc_services_2050874787_icon-info\"\r\n\t\t\t class=\"sc_services_item_icon icon-info\"\r\n\t\t\t ><\/a>\t\r\n\t<div class=\"sc_services_item_info\">\r\n\t\t<div class=\"sc_services_item_header\">\r\n\t\t\t<h4 class=\"sc_services_item_title\"><a href=\"https:\/\/cundawindsurf.com\/?cpt_services=sorf-okulu-sponsorlugu\">S\u00f6rf Okulu Sponsorlu\u011fu<\/a><\/h4>\r\n\t\t\t<div class=\"sc_services_item_subtitle\"><a href=\"https:\/\/cundawindsurf.com\/?cpt_services_group=success\" title=\"View all posts in Sponsorluklar\">Sponsorluklar<\/a><\/div>\r\n\t\t<\/div>\r\n\t\t\t\t\t<div class=\"sc_services_item_content\"><p>Geli\u015fen teknolojinin yelken sporuna yans\u0131mas\u0131 ile d\u00fcnya yelkencili\u011fi bir evrim ge\u00e7irmekte ve klasik s\u00f6rf s\u0131n\u0131flar\u0131n\u0131n yak\u0131n vadede yok olarak yerlerini&hellip;<\/p>\n<\/div>\r\n\t\t\t<div class=\"sc_services_item_button sc_item_button\"><a href=\"https:\/\/cundawindsurf.com\/?cpt_services=sorf-okulu-sponsorlugu\" class=\"sc_button sc_button_simple\">Learn more<\/a><\/div>\r\n\t\t\t<\/div>\r\n<\/div>\r\n<\/div><\/div><\/div><!-- \/.sc_services -->[\/vc_column][\/vc_row][vc_row full_width=&#8221;stretch_row&#8221; parallax=&#8221;content-moving&#8221; parallax_image=&#8221;1067&#8243; css=&#8221;.vc_custom_1729588248105{padding-top: 12.8em !important;padding-bottom: 13.7em !important;background-image: url(https:\/\/cundawindsurf.com\/wp-content\/uploads\/2016\/10\/background-4.jpg?id=431) !important;}&#8221;][vc_column width=&#8221;1\/12&#8243; el_id=&#8221;surfing&#8221;][\/vc_column][\/vc_row][vc_row full_width=&#8221;stretch_row&#8221; css=&#8221;.vc_custom_1476961881109{padding-top: 6.9em !important;padding-bottom: 7.3em !important;background-image: url(https:\/\/cundawindsurf.com\/wp-content\/uploads\/2016\/10\/background-1.jpg?id=320) !important;}&#8221;][vc_column]<div id=\"sc_title_391798028\"\n\t\tclass=\"sc_title sc_title_default  vc_custom_1729248059910\"><h3 class=\"sc_item_title sc_title_title sc_align_center sc_item_title_style_title-medium-size-style\">Ba\u015far\u0131lar\u0131m\u0131z<\/h3><\/div><!-- \/.sc_title -->[\/vc_column][vc_column width=&#8221;1\/2&#8243; offset=&#8221;vc_col-lg-3 vc_col-md-3 vc_col-xs-12&#8243;]<div class=\" cq-flipbox-container cq-bottomtop\" data-frontbg=\"#CCD1D9\" data-backbg=\"#AAB2BD\" data-fontcolor=\"\" data-face1=\"cq-flipbox-left\" data-face2=\"cq-flipbox-right\" data-flipdirection=\"bottomtop\" data-elementheight=\"269\" data-avatarsize=\"86\" data-frontcontentcolor=\"\" data-backcontentcolor=\"#2d4059\" data-titlesize=\"\" data-contentsize=\"\" data-contentwidth=\"\" data-iconcolor=\"\" data-iconbg=\"#fdda7f\" data-elementmargin=\"30px 0 0\" data-elementwidth=\"\" data-cardborder=\"\" data-cardbordersize=\"\" data-bordercolor=\"#999\" data-backbuttonbg=\"\" data-backbuttonhoverbg=\"\" data-contentmargintop=\"\" data-cardshape=\"\" data-frontfullimage=\"https:\/\/cundawindsurf.com\/wp-content\/uploads\/2024\/10\/dunya.jpg\" data-avatartype=\"none\" data-backfullimage=\"https:\/\/cundawindsurf.com\/wp-content\/uploads\/2024\/10\/dunya.jpg\" data-backavatar=\"none\"><a href=\"https:\/\/cundawindsurf.com\/?cpt_services=dunya-sampiyonasi\" title=\"Techno293 D\u00fcnya \u015eampiyonas\u0131\" target=\"\" class=\"cq-flipbox-link\"><div class=\"cq-flipbox-flipper\"><div class=\"cq-flipbox-item cq-flipbox-left\" onclick=\"\"><div class=\"cq-flipbox-content\"><h4 class=\"cq-flipbox-title\">Techno293 D\u00fcnya \u015eampiyonas\u0131<\/h4><\/div><\/div><div class=\"cq-flipbox-item cq-flipbox-right\" onclick=\"\"><div class=\"cq-flipbox-content\"><\/div><\/div><\/div><\/a><\/div>[\/vc_column][vc_column width=&#8221;1\/2&#8243; offset=&#8221;vc_col-lg-3 vc_col-md-3 vc_col-xs-12&#8243;]<div class=\" cq-flipbox-container cq-bottomtop\" data-frontbg=\"#CCD1D9\" data-backbg=\"#AAB2BD\" data-fontcolor=\"\" data-face1=\"cq-flipbox-left\" data-face2=\"cq-flipbox-right\" data-flipdirection=\"bottomtop\" data-elementheight=\"269\" data-avatarsize=\"80\" data-frontcontentcolor=\"\" data-backcontentcolor=\"\" data-titlesize=\"\" data-contentsize=\"\" data-contentwidth=\"\" data-iconcolor=\"\" data-iconbg=\"\" data-elementmargin=\"30px 0 0\" data-elementwidth=\"\" data-cardborder=\"\" data-cardbordersize=\"\" data-bordercolor=\"#999\" data-backbuttonbg=\"\" data-backbuttonhoverbg=\"\" data-contentmargintop=\"\" data-cardshape=\"\" data-frontfullimage=\"https:\/\/cundawindsurf.com\/wp-content\/uploads\/2024\/10\/IQ.jpg\" data-avatartype=\"none\" data-backfullimage=\"https:\/\/cundawindsurf.com\/wp-content\/uploads\/2024\/10\/IQ.jpg\" data-backavatar=\"none\"><a href=\"https:\/\/cundawindsurf.com\/?cpt_services=iq-foil-youth-ve-junior-avrupa-sampiyonasi\" title=\"\" target=\"\" class=\"cq-flipbox-link\"><div class=\"cq-flipbox-flipper\"><div class=\"cq-flipbox-item cq-flipbox-left\" onclick=\"\"><div class=\"cq-flipbox-content\"><h4 class=\"cq-flipbox-title\">Junior Avrupa \u015eampiyonas\u0131<\/h4><\/div><\/div><div class=\"cq-flipbox-item cq-flipbox-right\" onclick=\"\"><div class=\"cq-flipbox-content\"><\/div><\/div><\/div><\/a><\/div>[\/vc_column][vc_column width=&#8221;1\/2&#8243; offset=&#8221;vc_col-lg-3 vc_col-md-3 vc_col-xs-12&#8243;]<div class=\" cq-flipbox-container cq-bottomtop\" data-frontbg=\"#CCD1D9\" data-backbg=\"#AAB2BD\" data-fontcolor=\"\" data-face1=\"cq-flipbox-left\" data-face2=\"cq-flipbox-right\" data-flipdirection=\"bottomtop\" data-elementheight=\"269\" data-avatarsize=\"80\" data-frontcontentcolor=\"\" data-backcontentcolor=\"\" data-titlesize=\"\" data-contentsize=\"\" data-contentwidth=\"\" data-iconcolor=\"\" data-iconbg=\"\" data-elementmargin=\"30px 0 0\" data-elementwidth=\"\" data-cardborder=\"\" data-cardbordersize=\"\" data-bordercolor=\"#999\" data-backbuttonbg=\"\" data-backbuttonhoverbg=\"\" data-contentmargintop=\"\" data-cardshape=\"\" data-frontfullimage=\"https:\/\/cundawindsurf.com\/wp-content\/uploads\/2024\/10\/cundawind2.jpg\" data-avatartype=\"none\" data-backfullimage=\"https:\/\/cundawindsurf.com\/wp-content\/uploads\/2024\/10\/cundawind2.jpg\" data-backavatar=\"none\"><a href=\"https:\/\/cundawindsurf.com\/?cpt_services=2023-2024-tyf-yelken-ligi-3-ayak-techno-293-iq-foil\" title=\"\" target=\"\" class=\"cq-flipbox-link\"><div class=\"cq-flipbox-flipper\"><div class=\"cq-flipbox-item cq-flipbox-left\" onclick=\"\"><div class=\"cq-flipbox-content\"><h4 class=\"cq-flipbox-title\">2023-2024 TYF yelken ligi 3. ayak<\/h4><\/div><\/div><div class=\"cq-flipbox-item cq-flipbox-right\" onclick=\"\"><div class=\"cq-flipbox-content\"><\/div><\/div><\/div><\/a><\/div>[\/vc_column][vc_column width=&#8221;1\/2&#8243; offset=&#8221;vc_col-lg-3 vc_col-md-3 vc_col-xs-12&#8243;]<div class=\" cq-flipbox-container cq-bottomtop\" data-frontbg=\"#CCD1D9\" data-backbg=\"#AAB2BD\" data-fontcolor=\"\" data-face1=\"cq-flipbox-left\" data-face2=\"cq-flipbox-right\" data-flipdirection=\"bottomtop\" data-elementheight=\"269\" data-avatarsize=\"80\" data-frontcontentcolor=\"\" data-backcontentcolor=\"\" data-titlesize=\"\" data-contentsize=\"\" data-contentwidth=\"\" data-iconcolor=\"\" data-iconbg=\"\" data-elementmargin=\"30px 0 0\" data-elementwidth=\"\" data-cardborder=\"\" data-cardbordersize=\"\" data-bordercolor=\"#999\" data-backbuttonbg=\"\" data-backbuttonhoverbg=\"\" data-contentmargintop=\"\" data-cardshape=\"\" data-frontfullimage=\"https:\/\/cundawindsurf.com\/wp-content\/uploads\/2024\/10\/cundawind4.jpg\" data-avatartype=\"none\" data-backfullimage=\"https:\/\/cundawindsurf.com\/wp-content\/uploads\/2024\/10\/cundawind4.jpg\" data-backavatar=\"none\"><a href=\"https:\/\/cundawindsurf.com\/?cpt_services=tyf-yelken-ligi-2-ayak-techno-293-iq-foil\" title=\"\" target=\"\" class=\"cq-flipbox-link\"><div class=\"cq-flipbox-flipper\"><div class=\"cq-flipbox-item cq-flipbox-left\" onclick=\"\"><div class=\"cq-flipbox-content\"><h4 class=\"cq-flipbox-title\">TYF Yelken Ligi 2.Ayak Techno 293-IQ Foil<\/h4><\/div><\/div><div class=\"cq-flipbox-item cq-flipbox-right\" onclick=\"\"><div class=\"cq-flipbox-content\"><\/div><\/div><\/div><\/a><\/div>[\/vc_column][\/vc_row][vc_row full_width=&#8221;stretch_row&#8221; css=&#8221;.vc_custom_1730371609349{margin-bottom: 20px !important;}&#8221;][vc_column]<div id=\"sc_title_1846431849\"\n\t\tclass=\"sc_title sc_title_default\"><h3 class=\"sc_item_title sc_title_title sc_align_center sc_item_title_style_default\">Kurslar\u0131m\u0131z<\/h3><\/div><!-- \/.sc_title --><div class=\" cq-flipbox-container cq-bottomtop\" data-frontbg=\"#CCD1D9\" data-backbg=\"#AAB2BD\" data-fontcolor=\"\" data-face1=\"cq-flipbox-left\" data-face2=\"cq-flipbox-right\" data-flipdirection=\"bottomtop\" data-elementheight=\"\" data-avatarsize=\"80\" data-frontcontentcolor=\"\" data-backcontentcolor=\"\" data-titlesize=\"\" data-contentsize=\"\" data-contentwidth=\"\" data-iconcolor=\"\" data-iconbg=\"\" data-elementmargin=\"\" data-elementwidth=\"\" data-cardborder=\"\" data-cardbordersize=\"\" data-bordercolor=\"#999\" data-backbuttonbg=\"\" data-backbuttonhoverbg=\"\" data-contentmargintop=\"\" data-cardshape=\"\" data-frontfullimage=\"https:\/\/cundawindsurf.com\/wp-content\/uploads\/2024\/10\/cunda3123123.jpg\" data-avatartype=\"none\" data-backfullimage=\"https:\/\/cundawindsurf.com\/wp-content\/uploads\/2024\/10\/cunda3123123.jpg\" data-backavatar=\"none\"><a href=\"https:\/\/cundawindsurf.com\/?page_id=1175\" title=\"\" target=\"\" class=\"cq-flipbox-link\"><div class=\"cq-flipbox-flipper\"><div class=\"cq-flipbox-item cq-flipbox-left\" onclick=\"\"><div class=\"cq-flipbox-content\"><h4 class=\"cq-flipbox-title\">Ba\u015flang\u0131\u00e7 Kurslar\u0131<\/h4><\/div><\/div><div class=\"cq-flipbox-item cq-flipbox-right\" onclick=\"\"><div class=\"cq-flipbox-content\"><\/div><\/div><\/div><\/a><\/div><div class=\" cq-flipbox-container cq-bottomtop\" data-frontbg=\"#CCD1D9\" data-backbg=\"#AAB2BD\" data-fontcolor=\"\" data-face1=\"cq-flipbox-left\" data-face2=\"cq-flipbox-right\" data-flipdirection=\"bottomtop\" data-elementheight=\"\" data-avatarsize=\"80\" data-frontcontentcolor=\"\" data-backcontentcolor=\"\" data-titlesize=\"\" data-contentsize=\"\" data-contentwidth=\"\" data-iconcolor=\"\" data-iconbg=\"\" data-elementmargin=\"\" data-elementwidth=\"\" data-cardborder=\"\" data-cardbordersize=\"\" data-bordercolor=\"#999\" data-backbuttonbg=\"\" data-backbuttonhoverbg=\"\" data-contentmargintop=\"\" data-cardshape=\"\" data-frontfullimage=\"https:\/\/cundawindsurf.com\/wp-content\/uploads\/2024\/10\/cunda312031.jpg\" data-avatartype=\"none\" data-backfullimage=\"https:\/\/cundawindsurf.com\/wp-content\/uploads\/2024\/10\/cunda312031.jpg\" data-backavatar=\"none\"><a href=\"https:\/\/cundawindsurf.com\/?page_id=1178\" title=\"\" target=\"\" class=\"cq-flipbox-link\"><div class=\"cq-flipbox-flipper\"><div class=\"cq-flipbox-item cq-flipbox-left\" onclick=\"\"><div class=\"cq-flipbox-content\"><h4 class=\"cq-flipbox-title\">\u0130leri D\u00fczey Kurslar<\/h4><\/div><\/div><div class=\"cq-flipbox-item cq-flipbox-right\" onclick=\"\"><div class=\"cq-flipbox-content\"><\/div><\/div><\/div><\/a><\/div><div class=\" cq-flipbox-container cq-bottomtop\" data-frontbg=\"#CCD1D9\" data-backbg=\"#AAB2BD\" data-fontcolor=\"\" data-face1=\"cq-flipbox-left\" data-face2=\"cq-flipbox-right\" data-flipdirection=\"bottomtop\" data-elementheight=\"\" data-avatarsize=\"80\" data-frontcontentcolor=\"\" data-backcontentcolor=\"\" data-titlesize=\"\" data-contentsize=\"\" data-contentwidth=\"\" data-iconcolor=\"\" data-iconbg=\"\" data-elementmargin=\"\" data-elementwidth=\"\" data-cardborder=\"\" data-cardbordersize=\"\" data-bordercolor=\"#999\" data-backbuttonbg=\"\" data-backbuttonhoverbg=\"\" data-contentmargintop=\"\" data-cardshape=\"\" data-frontfullimage=\"https:\/\/cundawindsurf.com\/wp-content\/uploads\/2024\/10\/cunda400.jpg\" data-avatartype=\"none\" data-backfullimage=\"https:\/\/cundawindsurf.com\/wp-content\/uploads\/2024\/10\/cunda400.jpg\" data-backavatar=\"none\"><a href=\"https:\/\/cundawindsurf.com\/?page_id=1180\" title=\"\" target=\"\" class=\"cq-flipbox-link\"><div class=\"cq-flipbox-flipper\"><div class=\"cq-flipbox-item cq-flipbox-left\" onclick=\"\"><div class=\"cq-flipbox-content\"><h4 class=\"cq-flipbox-title\">\u00d6zel Dersler<\/h4><\/div><\/div><div class=\"cq-flipbox-item cq-flipbox-right\" onclick=\"\"><div class=\"cq-flipbox-content\"><\/div><\/div><\/div><\/a><\/div>[\/vc_column][vc_column][\/vc_column][\/vc_row]<\/p>\n<\/div>","protected":false},"excerpt":{"rendered":"<p>[vc_row full_width=&#8221;stretch_row_content_no_spaces&#8221;][vc_column][rev_slider_vc alias=&#8221;home-1&#8243;][\/vc_column][\/vc_row][vc_row full_width=&#8221;stretch_row&#8221; css=&#8221;.vc_custom_1476947842768{padding-top: 5.8em !important;padding-bottom: 7.1em !important;}&#8221;][vc_column width=&#8221;1\/3&#8243; css=&#8221;.vc_custom_1476947699499{padding-right: 2em !important;}&#8221;][vc_single_image image=&#8221;1138&#8243; img_size=&#8221;300&#215;320&#8243; alignment=&#8221;right&#8221; style=&#8221;vc_box_circle_2&#8243; css=&#8221;&#8221;][\/vc_column][vc_column width=&#8221;2\/3&#8243; css=&#8221;.vc_custom_1476947748964{padding-top:&hellip;<\/p>\n","protected":false},"author":1,"featured_media":0,"parent":0,"menu_order":0,"comment_status":"closed","ping_status":"closed","template":"","meta":{"footnotes":""},"class_list":["post-86","page","type-page","status-publish","hentry"],"_links":{"self":[{"href":"https:\/\/cundawindsurf.com\/index.php?rest_route=\/wp\/v2\/pages\/86","targetHints":{"allow":["GET"]}}],"collection":[{"href":"https:\/\/cundawindsurf.com\/index.php?rest_route=\/wp\/v2\/pages"}],"about":[{"href":"https:\/\/cundawindsurf.com\/index.php?rest_route=\/wp\/v2\/types\/page"}],"author":[{"embeddable":true,"href":"https:\/\/cundawindsurf.com\/index.php?rest_route=\/wp\/v2\/users\/1"}],"replies":[{"embeddable":true,"href":"https:\/\/cundawindsurf.com\/index.php?rest_route=%2Fwp%2Fv2%2Fcomments&post=86"}],"version-history":[{"count":5,"href":"https:\/\/cundawindsurf.com\/index.php?rest_route=\/wp\/v2\/pages\/86\/revisions"}],"predecessor-version":[{"id":1183,"href":"https:\/\/cundawindsurf.com\/index.php?rest_route=\/wp\/v2\/pages\/86\/revisions\/1183"}],"wp:attachment":[{"href":"https:\/\/cundawindsurf.com\/index.php?rest_route=%2Fwp%2Fv2%2Fmedia&parent=86"}],"curies":[{"name":"wp","href":"https:\/\/api.w.org\/{rel}","templated":true}]}}