{"id":76,"date":"2016-10-11T08:24:39","date_gmt":"2016-10-11T08:24:39","guid":{"rendered":"https:\/\/cundawindsurf.com\/?page_id=76"},"modified":"2024-12-25T22:16:46","modified_gmt":"2024-12-25T22:16:46","slug":"contacts","status":"publish","type":"page","link":"https:\/\/cundawindsurf.com\/?page_id=76","title":{"rendered":"\u0130LET\u0130\u015e\u0130M"},"content":{"rendered":"<div class=\"wpb-content-wrapper\"><p>[vc_row css=&#8221;.vc_custom_1568366083009{margin-top: 6.8em !important; margin-bottom: 7.3em !important;}&#8221;][vc_column geni\u015flik=&#8221;1\/3&#8243; css=&#8221;.vc_custom_1729510822161{margin-bottom: 2em !important;}&#8221;][vc_column_text css=&#8221;&#8221;]<\/p>\n<div style=\"height: 250px; display: flex; flex-direction: column; padding-left: 10px; padding-right: 10px; justify-content: center; align-items: center; background-image: url('\\'\\''); box-shadow: 0px 0px 10px -5px rgba(0,0,0,0.5); transition: background 0.3s, border 0.3s, border-radius 0.3s, box-shadow 0.3s; border-color: #0352E600; border-radius: 6px 6px 6px 6px; border-bottom: 2px solid transparent;\">\n<h5 class=\"trx_addons_no_margins\" style=\"text-align: center; background-image: url(;\"><strong>Adres<\/strong><\/h5>\n<p style=\"text-align: center;\"><a style=\"color: #00365c;\" tabindex=\"0\" href=\"https:\/\/www.google.com.tr\/maps\/place\/\/data=!4m2!3m1!1s0x14ba7732e960525d:0x792c326c3912db48?sa=X&amp;ved=1t:8290&amp;ictx=111\" data-url=\"\/maps\/place\/\/data=!4m2!3m1!1s0x14ba7732e960525d:0x792c326c3912db48?sa=X&amp;ved=2ahUKEwijzYrcqZ-JAxVnQ_EDHfhmNpUQ4kB6BAgEEAA\">Cunda Adas\u0131 Nam\u0131k Kemal mah 15 Eyl\u00fcl ana cad.poyraz(sokak) cad, Cami Cd. 2. Sk. No:11, 10400 Ayval\u0131k\/Bal\u0131kesir<\/a><\/p>\n<\/div>\n<p>[\/vc_column_text][\/vc_column][vc_column geni\u015flik=&#8221;1\/3&#8243; css=&#8221;.vc_custom_1568632471065{margin-bottom: 2em !important;}&#8221;][vc_column_text css=&#8221;&#8221;]<\/p>\n<div style=\"height: 250px; display: flex; flex-direction: column; justify-content: center; align-items: center; background-image: url('\\'\\''); box-shadow: 0px 0px 10px -5px rgba(0,0,0,0.5); transition: background 0.3s, border 0.3s, border-radius 0.3s, box-shadow 0.3s; border-color: #0352E600; border-radius: 6px 6px 6px 6px; border-bottom: 2px solid transparent;\">\n<h5 class=\"trx_addons_no_margins\" style=\"text-align: center;\">TELEFON<\/h5>\n<p style=\"text-align: center;\"><a style=\"color: #00365c;\" href=\"tel:1-800-123-4567\" target=\"_blank\" rel=\"noopener\">0546 862 11 97<\/a><\/p>\n<\/div>\n<p>[\/vc_column_text][\/vc_column][vc_column geni\u015flik = &#8220;1\/3&#8243;][vc_column_text css=&#8221;&#8221;]<\/p>\n<div style=\"height: 250px; display: flex; flex-direction: column; justify-content: center; align-items: center; background-image: url('\\'\\''); box-shadow: 0px 0px 10px -5px rgba(0,0,0,0.5); transition: background 0.3s, border 0.3s, border-radius 0.3s, box-shadow 0.3s; border-color: #0352E600; border-radius: 6px 6px 6px 6px; border-bottom: 2px solid transparent;\">\n<h5 class=\"trx_addons_no_margins\" style=\"text-align: center;\"><strong>E-posta<\/strong><\/h5>\n<p style=\"text-align: center;\"><a style=\"color: #00365c;\" href=\"https:\/\/cundawindsurf.com\/cundawindsurf@gmail.com\" target=\"_blank\" rel=\"noopener\">cundawindsurf@gmail.com<\/a><\/p>\n<\/div>\n<p>[\/vc_column_text][\/vc_column][\/vc_row][vc_row][vc_column][ileti\u015fim-formu-7 id=&#8221;946&#8243;][\/vc_column][\/vc_row][vc_row][vc_column][vc_gmaps ba\u011flant\u0131 = &#8220;#E-8_ JTNDaWZyYW1lJTIwc3JjJTNEJTIyaHR0cHMlM0ElMkYlMkZ3d3cuZ29vZ2xlLmNvbSUyRm1hcHMlMkZlbWJlZCUzRnBiJTNEJTIxMW0xOCUyMTFtMTIlMjExbTMlMjExZDMwODUuNjc0OTA4MzM4MjIlMjEyZDI2LjY2MTU2NTQ5OTk5OTk5NSUyMTNkMzkuMzQwOTUwNCUyMTJtMyUyMTFmMCUyMTJmMCUyMTNmMCUyMTNtMiUyMTFpMTAyNCUyMTJpNzY4JTIxNGYxMy4xJTIxM20zJTIxMW0yJTIxMXMweDE0YmE3NzMyZTk2MDUyNWQlMjUzQTB4NzkyYzMyNmMzOTEyZGI0OCUyMTJzQ3VuZGElMjUyMFdpbmRzdXJmJTIxNWUwJTIxM20yJTIxMXNlbiUyMTJzdHIlMjE0djE3Mjk1MTI4Njc0NjIlMjE1bTIlMjExc2VuJTIxMnN0ciUyMiUyMHdpZHRoJTNEJTIyNjAwJTIyJTIwaGVpZ2h0JTNEJTIyNDUwJTIyJTIwc3R5bGUlM0QlMjJib3JkZXIlM0EwJTNCJTIyJTIwYWxsb3dmdWxsc2NyZWVuJTNEJTIyJTIwbG9hZGluZyUzRCUyMmxhenklMjIlMjByZWZlcnJlcnBvbGljeSUzRCUyMm5vLXJlZmVycmVyLXdoZW4tZG93bmdyYWRlJTIyJTNFJTJGGaWZyYW1lJTNF&#8221; css=&#8221;&#8221;][\/vc_column][\/vc_row]<\/p>\n<\/div>","protected":false},"excerpt":{"rendered":"<p>[vc_row css=&#8221;.vc_custom_1568366083009{margin-top: 6.8em !important; margin-bottom: 7.3em !important;}&#8221;][vc_column geni\u015flik=&#8221;1\/3&#8243; css=&#8221;.vc_custom_1729510822161{margin-bottom: 2em !important;}&#8221;][vc_column_text css=&#8221;&#8221;] Adres Cunda Adas\u0131 Nam\u0131k Kemal mah 15 Eyl\u00fcl&hellip;<\/p>\n","protected":false},"author":1,"featured_media":0,"parent":0,"menu_order":0,"comment_status":"closed","ping_status":"closed","template":"","meta":{"footnotes":""},"class_list":["post-76","page","type-page","status-publish","hentry"],"_links":{"self":[{"href":"https:\/\/cundawindsurf.com\/index.php?rest_route=\/wp\/v2\/pages\/76","targetHints":{"allow":["GET"]}}],"collection":[{"href":"https:\/\/cundawindsurf.com\/index.php?rest_route=\/wp\/v2\/pages"}],"about":[{"href":"https:\/\/cundawindsurf.com\/index.php?rest_route=\/wp\/v2\/types\/page"}],"author":[{"embeddable":true,"href":"https:\/\/cundawindsurf.com\/index.php?rest_route=\/wp\/v2\/users\/1"}],"replies":[{"embeddable":true,"href":"https:\/\/cundawindsurf.com\/index.php?rest_route=%2Fwp%2Fv2%2Fcomments&post=76"}],"version-history":[{"count":5,"href":"https:\/\/cundawindsurf.com\/index.php?rest_route=\/wp\/v2\/pages\/76\/revisions"}],"predecessor-version":[{"id":1227,"href":"https:\/\/cundawindsurf.com\/index.php?rest_route=\/wp\/v2\/pages\/76\/revisions\/1227"}],"wp:attachment":[{"href":"https:\/\/cundawindsurf.com\/index.php?rest_route=%2Fwp%2Fv2%2Fmedia&parent=76"}],"curies":[{"name":"wp","href":"https:\/\/api.w.org\/{rel}","templated":true}]}}