{"id":373,"date":"2016-10-17T15:01:16","date_gmt":"2016-10-17T15:01:16","guid":{"rendered":"https:\/\/cundawindsurf.com\/?page_id=373"},"modified":"2024-10-22T10:02:07","modified_gmt":"2024-10-22T10:02:07","slug":"about","status":"publish","type":"page","link":"https:\/\/cundawindsurf.com\/?page_id=373","title":{"rendered":"Hakk\u0131m\u0131zda"},"content":{"rendered":"<div class=\"wpb-content-wrapper\"><p>[vc_row full_width=&#8221;stretch_row&#8221; css=&#8221;.vc_custom_1476947842768{padding-top: 5.8em !important;padding-bottom: 7.1em !important;}&#8221;][vc_column width=&#8221;1\/3&#8243; css=&#8221;.vc_custom_1476947699499{padding-right: 2em !important;}&#8221;][vc_single_image image=&#8221;1136&#8243; img_size=&#8221;300&#215;320&#8243; alignment=&#8221;right&#8221; style=&#8221;vc_box_border_circle_2&#8243; css=&#8221;&#8221;][\/vc_column][vc_column width=&#8221;2\/3&#8243; css=&#8221;.vc_custom_1476947748964{padding-top: 2.5em !important;padding-left: 2.9em !important;}&#8221;]<div id=\"sc_title_1979309536\"\n\t\tclass=\"scheme_default sc_title sc_title_default\"><h3 class=\"sc_item_title sc_title_title sc_align_left sc_item_title_style_title-medium-size-style\">Cunda R\u00fczgar S\u00f6rf\u00fc: Ba\u015far\u0131, Disiplin ve Gelece\u011fe Yelken A\u00e7mak<\/h3><\/div><!-- \/.sc_title -->[vc_column_text css=&#8221;.vc_custom_1729506837951{margin-top: 2em !important;margin-bottom: 2em !important;}&#8221;]Cunda R\u00fczgar S\u00f6rf\u00fc ve Yelken Spor Kul\u00fcb\u00fc 2020 y\u0131l\u0131 Temmuz ay\u0131nda amat\u00f6r bir ruhla kurulmu\u015f bir s\u00f6rf okuludur. Hayal ederek ba\u015flad\u0131\u011f\u0131m\u0131z bu yolda 2021 y\u0131l\u0131nda T\u00fcrkiye Yelken Federasyonu\u2019na ba\u011fl\u0131 federe bir kul\u00fcp olarak hedeflerimizi daha profesyonel bir d\u00fczeye \u00e7\u0131kartm\u0131\u015f olduk.<br \/>\nHedefimiz bu sporu sevdirmek ve sporcu yeti\u015ftirmek, yeti\u015ftirdi\u011fimiz sporcular\u0131n ulusal ve uluslararas\u0131 m\u00fcsabakalarda \u00fclkemizi ba\u015far\u0131l\u0131 bir \u015fekilde temsil etmesini sa\u011flamak.<br \/>\nKuruldu\u011fumuz g\u00fcnden bu yana hedeflerimizi ger\u00e7ekle\u015ftirmek i\u00e7in \u00e7\u0131kt\u0131\u011f\u0131m\u0131z bu yolda ulusal ve uluslararas\u0131 ba\u015far\u0131lar elde ettik. Son iki senemizde milli tak\u0131ma 5 sporcu,1 milli tak\u0131m antren\u00f6r\u00fc kazand\u0131rd\u0131k. Ayn\u0131 zamanda \u0130talya Garda\u2019da ger\u00e7ekle\u015fen Avrupa \u015eampiyonas\u0131\u2019nda U17 kategorisinde sporcumuz Avrupa \u015fampiyonu olurken, bu ba\u015far\u0131s\u0131n\u0131 Fransa Quiberon\u2019da ger\u00e7ekle\u015fen D\u00fcnya \u015eampiyonas\u0131\u2019nda da devam ettirerek d\u00fcnya 4.oldu. Kul\u00fcb\u00fcm\u00fczde ulusal ve uluslararas\u0131 d\u00fczeyde yakalad\u0131\u011f\u0131m\u0131z bu ba\u015far\u0131lar, bir \u00e7ok sporcumuzu motive etmenin yan\u0131 s\u0131ra ba\u015far\u0131l\u0131 olan sporcular\u0131m\u0131z hedeflerini olimpiyatlara \u00e7evirerek, \u00fclkemizde daha \u00f6nce ula\u015f\u0131lamam\u0131\u015f bir ba\u015far\u0131y\u0131 yakalamak i\u00e7in \u00e7al\u0131\u015fmalar\u0131na yaz-k\u0131\u015f devam etmektedir. Aktif olarak 34 lisansl\u0131 sporcumuzla yaz-k\u0131\u015f \u00e7al\u0131\u015fmalar\u0131m\u0131z devam etmektedir. Yaz aylar\u0131nda kursiyer olarak 200\u2019\u00fcn \u00fczerinde 7-15 ya\u015f aras\u0131 \u00e7ocuklar\u0131m\u0131za vermi\u015f oldu\u011fumuz \u00f6zel kurslar\u0131m\u0131zda, potansiyeli y\u00fcksek \u00e7ocuklar\u0131m\u0131z\u0131n bu sporu profesyonel seviye ta\u015f\u0131mas\u0131 konusunda y\u00f6nlendirmelerde bulunuyoruz. Gerek kendi kul\u00fcb\u00fcm\u00fczde, gerek di\u011fer \u015fehirlerde bulunan kul\u00fcplere \u00e7ocuklar\u0131m\u0131z\u0131 y\u00f6nlendirerek bu sporu yapan \u00e7ocuklar\u0131m\u0131z\u0131n say\u0131s\u0131n\u0131n artmas\u0131n\u0131 sa\u011fl\u0131yoruz.<br \/>\nAyn\u0131 zamanda toplumda gerek maddi a\u00e7\u0131dan gerek sosyal a\u00e7\u0131dan dezavantajl\u0131 \u00e7ocuklar\u0131m\u0131za kul\u00fcp olarak destek olup, bu sporu sevdirmeye ve \u00e7ocuklar\u0131n hayat\u0131nda sporun getirdi\u011fi disiplin ve \u00f6zg\u00fcvenle onlar\u0131n hayatlar\u0131na dokunmaya \u00e7al\u0131\u015f\u0131yoruz.[\/vc_column_text][\/vc_column][\/vc_row][vc_row full_width=&#8221;stretch_row&#8221; css=&#8221;.vc_custom_1476948385748{padding-top: 6.9em !important;padding-bottom: 7.5em !important;background-image: url(https:\/\/cundawindsurf.com\/wp-content\/uploads\/2016\/10\/background-1.jpg?id=320) !important;}&#8221;][vc_column]<div class=\"cq-stackgallery\" data-width=\"1051\" data-height=\"572\" data-easein=\"easeInBack\" data-easeout=\"easeOutBack\" data-containerheight=\"\" data-slideshow=\"off\" data-slideshowdelay=\"off\" data-notooltip=\"off\" style=\"background: url() \"><img loading=\"lazy\" decoding=\"async\" class=\"stackgallery-item\" style=\"border: px solid #FFF\" src=\"https:\/\/cundawindsurf.com\/wp-content\/uploads\/2024\/10\/cunda200-1440x1144.jpg\" width=\"1051\" height=\"572\" title=\"\" alt=\"\" \/><img loading=\"lazy\" decoding=\"async\" class=\"stackgallery-item\" style=\"border: px solid #FFF\" src=\"https:\/\/cundawindsurf.com\/wp-content\/uploads\/2024\/10\/cunda9000-1440x1144.jpg\" width=\"1051\" height=\"572\" title=\"\" alt=\"\" \/><img loading=\"lazy\" decoding=\"async\" class=\"stackgallery-item\" style=\"border: px solid #FFF\" src=\"https:\/\/cundawindsurf.com\/wp-content\/uploads\/2024\/10\/cunda7-1440x1144.jpg\" width=\"1051\" height=\"572\" title=\"\" alt=\"\" \/><img loading=\"lazy\" decoding=\"async\" class=\"stackgallery-item\" style=\"border: px solid #FFF\" src=\"https:\/\/cundawindsurf.com\/wp-content\/uploads\/2024\/10\/cunda5-1440x1144.jpg\" width=\"1051\" height=\"572\" title=\"\" alt=\"\" \/><img loading=\"lazy\" decoding=\"async\" class=\"stackgallery-item\" style=\"border: px solid #FFF\" src=\"https:\/\/cundawindsurf.com\/wp-content\/uploads\/2024\/10\/cunda4.jpg\" width=\"1051\" height=\"572\" title=\"\" alt=\"\" \/><img loading=\"lazy\" decoding=\"async\" class=\"stackgallery-item\" style=\"border: px solid #FFF\" src=\"https:\/\/cundawindsurf.com\/wp-content\/uploads\/2024\/10\/cunda3-2048x1144.jpg\" width=\"1051\" height=\"572\" title=\"\" alt=\"\" \/><div><a href=\"#\"><span class=\" stackgallery-prev\"><\/span><\/a><\/div><div><a href=\"#\"><span class=\" stackgallery-next\"><\/span><\/a><\/div><\/div>[\/vc_column][\/vc_row]<\/p>\n<\/div>","protected":false},"excerpt":{"rendered":"<p>[vc_row full_width=&#8221;stretch_row&#8221; css=&#8221;.vc_custom_1476947842768{padding-top: 5.8em !important;padding-bottom: 7.1em !important;}&#8221;][vc_column width=&#8221;1\/3&#8243; css=&#8221;.vc_custom_1476947699499{padding-right: 2em !important;}&#8221;][vc_single_image image=&#8221;1136&#8243; img_size=&#8221;300&#215;320&#8243; alignment=&#8221;right&#8221; style=&#8221;vc_box_border_circle_2&#8243; css=&#8221;&#8221;][\/vc_column][vc_column width=&#8221;2\/3&#8243; css=&#8221;.vc_custom_1476947748964{padding-top: 2.5em !important;padding-left:&hellip;<\/p>\n","protected":false},"author":1,"featured_media":0,"parent":0,"menu_order":0,"comment_status":"closed","ping_status":"closed","template":"","meta":{"footnotes":""},"class_list":["post-373","page","type-page","status-publish","hentry"],"_links":{"self":[{"href":"https:\/\/cundawindsurf.com\/index.php?rest_route=\/wp\/v2\/pages\/373","targetHints":{"allow":["GET"]}}],"collection":[{"href":"https:\/\/cundawindsurf.com\/index.php?rest_route=\/wp\/v2\/pages"}],"about":[{"href":"https:\/\/cundawindsurf.com\/index.php?rest_route=\/wp\/v2\/types\/page"}],"author":[{"embeddable":true,"href":"https:\/\/cundawindsurf.com\/index.php?rest_route=\/wp\/v2\/users\/1"}],"replies":[{"embeddable":true,"href":"https:\/\/cundawindsurf.com\/index.php?rest_route=%2Fwp%2Fv2%2Fcomments&post=373"}],"version-history":[{"count":5,"href":"https:\/\/cundawindsurf.com\/index.php?rest_route=\/wp\/v2\/pages\/373\/revisions"}],"predecessor-version":[{"id":1156,"href":"https:\/\/cundawindsurf.com\/index.php?rest_route=\/wp\/v2\/pages\/373\/revisions\/1156"}],"wp:attachment":[{"href":"https:\/\/cundawindsurf.com\/index.php?rest_route=%2Fwp%2Fv2%2Fmedia&parent=373"}],"curies":[{"name":"wp","href":"https:\/\/api.w.org\/{rel}","templated":true}]}}