{"id":1212,"date":"2024-11-21T07:32:39","date_gmt":"2024-11-21T07:32:39","guid":{"rendered":"https:\/\/cundawindsurf.com\/?page_id=1212"},"modified":"2024-11-21T08:17:52","modified_gmt":"2024-11-21T08:17:52","slug":"ruzgar-sorfu-trapezi","status":"publish","type":"page","link":"https:\/\/cundawindsurf.com\/?page_id=1212","title":{"rendered":"R\u00fczgar S\u00f6rf\u00fc Trapezi"},"content":{"rendered":"<div class=\"wpb-content-wrapper\"><p>[vc_row][vc_column][\/vc_column][vc_column width=&#8221;2\/3&#8243;][vc_single_image image=&#8221;1214&#8243; img_size=&#8221;large&#8221; style=&#8221;vc_box_rounded&#8221; css=&#8221;&#8221;][\/vc_column][vc_column width=&#8221;1\/3&#8243;][vc_column_text css=&#8221;&#8221;]<strong style=\"font-size:20px;\">R\u00fczgar S\u00f6rf\u00fc Trapezi<\/strong><\/p>\n<ul>\n<li><strong>Ek Stabilizasyon ve Konfor:<\/strong><br \/>\nBacaklara tak\u0131labilen ek kay\u0131\u015flar sayesinde daha iyi bir denge sa\u011flar.<\/li>\n<li><strong>Yumu\u015fak Laminasyonlu \u00dcst Kenar:<\/strong><br \/>\nTrapezin \u00fcst kenar\u0131, yumu\u015fak EVA k\u00f6p\u00fckten \u00fcretilmi\u015f olup, s\u00fcrt\u00fcnme ve rahats\u0131zl\u0131k hissini en aza indirir.<\/li>\n<li><strong>EVA \u0130\u00e7 Dolgu:<\/strong><br \/>\nYumu\u015fak EVA k\u00f6p\u00fck i\u00e7 dolgusu ekstra konfor sunar.<\/li>\n<li><strong>Gizli Diki\u015fler:<\/strong><br \/>\nV\u00fccudu s\u0131k\u0131\u015ft\u0131rmayan ve tahri\u015fe neden olmayan gizli diki\u015f tasar\u0131m\u0131.<\/li>\n<li><strong>Konturlu \u015eekil:<\/strong><br \/>\nErgonomik ve v\u00fccuda uyumlu yap\u0131s\u0131yla rahat bir kullan\u0131m deneyimi sunar.<\/li>\n<li><strong>Ayarlanabilir Arka Kay\u0131\u015flar:<\/strong><br \/>\nTrapezin s\u0131k\u0131l\u0131\u011f\u0131 arka k\u0131s\u0131mdaki kay\u0131\u015flar sayesinde kolayca ayarlanabilir.<\/li>\n<li><strong>Tokalar ve Sabitleme:<\/strong><br \/>\nTokalar, kay\u0131\u015flar\u0131 bacaklar aras\u0131nda sabitler, b\u00f6ylece hareket s\u0131ras\u0131nda maksimum g\u00fcvenlik sa\u011flar.<\/li>\n<li><strong>\u00c7oklu Ba\u011flant\u0131 Noktalar\u0131:<\/strong><br \/>\nTasma veya di\u011fer g\u00fcvenlik sistemleri i\u00e7in iki farkl\u0131 ba\u011flant\u0131 se\u00e7ene\u011fi sunar.<\/li>\n<li><strong>Dayan\u0131kl\u0131 Germe Kay\u0131\u015flar\u0131:<\/strong><br \/>\nKancan\u0131n gev\u015femesini \u00f6nleyen, kolayca de\u011fi\u015ftirilebilen ve olduk\u00e7a sa\u011flam germe kay\u0131\u015flar\u0131na sahiptir.<\/li>\n<\/ul>\n<p>[\/vc_column_text][\/vc_column][\/vc_row]<\/p>\n<\/div>","protected":false},"excerpt":{"rendered":"<p>[vc_row][vc_column][\/vc_column][vc_column width=&#8221;2\/3&#8243;][vc_single_image image=&#8221;1214&#8243; img_size=&#8221;large&#8221; style=&#8221;vc_box_rounded&#8221; css=&#8221;&#8221;][\/vc_column][vc_column width=&#8221;1\/3&#8243;][vc_column_text css=&#8221;&#8221;]R\u00fczgar S\u00f6rf\u00fc Trapezi Ek Stabilizasyon ve Konfor: Bacaklara tak\u0131labilen ek kay\u0131\u015flar sayesinde daha&hellip;<\/p>\n","protected":false},"author":1,"featured_media":0,"parent":0,"menu_order":0,"comment_status":"closed","ping_status":"closed","template":"","meta":{"footnotes":""},"class_list":["post-1212","page","type-page","status-publish","hentry"],"_links":{"self":[{"href":"https:\/\/cundawindsurf.com\/index.php?rest_route=\/wp\/v2\/pages\/1212","targetHints":{"allow":["GET"]}}],"collection":[{"href":"https:\/\/cundawindsurf.com\/index.php?rest_route=\/wp\/v2\/pages"}],"about":[{"href":"https:\/\/cundawindsurf.com\/index.php?rest_route=\/wp\/v2\/types\/page"}],"author":[{"embeddable":true,"href":"https:\/\/cundawindsurf.com\/index.php?rest_route=\/wp\/v2\/users\/1"}],"replies":[{"embeddable":true,"href":"https:\/\/cundawindsurf.com\/index.php?rest_route=%2Fwp%2Fv2%2Fcomments&post=1212"}],"version-history":[{"count":5,"href":"https:\/\/cundawindsurf.com\/index.php?rest_route=\/wp\/v2\/pages\/1212\/revisions"}],"predecessor-version":[{"id":1224,"href":"https:\/\/cundawindsurf.com\/index.php?rest_route=\/wp\/v2\/pages\/1212\/revisions\/1224"}],"wp:attachment":[{"href":"https:\/\/cundawindsurf.com\/index.php?rest_route=%2Fwp%2Fv2%2Fmedia&parent=1212"}],"curies":[{"name":"wp","href":"https:\/\/api.w.org\/{rel}","templated":true}]}}