{"id":1208,"date":"2024-11-21T07:30:45","date_gmt":"2024-11-21T07:30:45","guid":{"rendered":"https:\/\/cundawindsurf.com\/?page_id=1208"},"modified":"2024-11-21T08:20:15","modified_gmt":"2024-11-21T08:20:15","slug":"ruzgar-sorfu-tahtasi","status":"publish","type":"page","link":"https:\/\/cundawindsurf.com\/?page_id=1208","title":{"rendered":"R\u00fczgar S\u00f6rf\u00fc Tahtas\u0131"},"content":{"rendered":"<div class=\"wpb-content-wrapper\"><p>[vc_row][vc_column width=&#8221;2\/3&#8243;][vc_single_image image=&#8221;1202&#8243; img_size=&#8221;large&#8221; style=&#8221;vc_box_rounded&#8221; css=&#8221;&#8221;][\/vc_column][vc_column width=&#8221;1\/3&#8243;][vc_column_text css=&#8221;&#8221;]<strong style=\"font-size:20px;\">R\u00fczgar S\u00f6rf Tahtas\u0131<\/strong><\/p>\n<p><strong>Kullan\u0131c\u0131 Kapasitesi:<\/strong> 1 yeti\u015fkin<br \/>\n<strong>A\u011f\u0131rl\u0131k Kapasitesi:<\/strong> 120 kg<\/p>\n<p><strong>\u00d6l\u00e7\u00fcler:<\/strong><\/p>\n<ul>\n<li>Uzunluk: 3,05 m<\/li>\n<li>Geni\u015flik: 84 cm<\/li>\n<li>Kal\u0131nl\u0131k: 12 cm<\/li>\n<\/ul>\n<p><strong>\u00d6zellikler:<\/strong><\/p>\n<ul>\n<li><strong>Kolay Ta\u015f\u0131ma ve Saklama:<\/strong> Hafif yap\u0131s\u0131 sayesinde ta\u015f\u0131mas\u0131 ve saklamas\u0131 olduk\u00e7a kolayd\u0131r.<\/li>\n<li><strong>Kullan\u0131m Alan\u0131:<\/strong> Sakin sular ve k\u00fc\u00e7\u00fck dalgal\u0131 ko\u015fullar i\u00e7in idealdir.<\/li>\n<li><strong>Kaymaz \u00c7eki\u015f Pedi:<\/strong> \u00dczerindeki kaymaz y\u00fczey, g\u00fcvenli ve konforlu bir s\u00fcr\u00fc\u015f sa\u011flar.<\/li>\n<li><strong>Ekstra Saklama Alan\u0131:<\/strong> \u00dczerinde bulunan elastik \u00e7anta saklama alan\u0131 sayesinde ki\u015fisel e\u015fyalar\u0131n\u0131z\u0131 rahat\u00e7a ta\u015f\u0131yabilirsiniz.<\/li>\n<li><strong>Kullan\u0131\u015fl\u0131 G\u00fcverte Sap\u0131:<\/strong> Tahtay\u0131 ta\u015f\u0131may\u0131 kolayla\u015ft\u0131ran ergonomik bir g\u00fcverte sap\u0131na sahiptir.<\/li>\n<li><strong>\u00c7ift Kanatl\u0131 K\u00fcrek:<\/strong> 2,17 m uzunlu\u011fundaki ayarlanabilir k\u00fcrek, ihtiya\u00e7 duyuldu\u011funda \u00e7ift kanatl\u0131 bir k\u00fcre\u011fe d\u00f6n\u00fc\u015ft\u00fcr\u00fclebilir.<\/li>\n<\/ul>\n<p>Bu r\u00fczgar s\u00f6rf tahtas\u0131, hem konforlu hem de pratik \u00f6zellikleriyle su sporlar\u0131na yeni ba\u015flayanlar ve hobi kullan\u0131c\u0131lar\u0131 i\u00e7in m\u00fckemmel bir se\u00e7imdir.[\/vc_column_text][\/vc_column][\/vc_row]<\/p>\n<\/div>","protected":false},"excerpt":{"rendered":"<p>[vc_row][vc_column width=&#8221;2\/3&#8243;][vc_single_image image=&#8221;1202&#8243; img_size=&#8221;large&#8221; style=&#8221;vc_box_rounded&#8221; css=&#8221;&#8221;][\/vc_column][vc_column width=&#8221;1\/3&#8243;][vc_column_text css=&#8221;&#8221;]R\u00fczgar S\u00f6rf Tahtas\u0131 Kullan\u0131c\u0131 Kapasitesi: 1 yeti\u015fkin A\u011f\u0131rl\u0131k Kapasitesi: 120 kg \u00d6l\u00e7\u00fcler: Uzunluk:&hellip;<\/p>\n","protected":false},"author":1,"featured_media":0,"parent":0,"menu_order":0,"comment_status":"closed","ping_status":"closed","template":"","meta":{"footnotes":""},"class_list":["post-1208","page","type-page","status-publish","hentry"],"_links":{"self":[{"href":"https:\/\/cundawindsurf.com\/index.php?rest_route=\/wp\/v2\/pages\/1208","targetHints":{"allow":["GET"]}}],"collection":[{"href":"https:\/\/cundawindsurf.com\/index.php?rest_route=\/wp\/v2\/pages"}],"about":[{"href":"https:\/\/cundawindsurf.com\/index.php?rest_route=\/wp\/v2\/types\/page"}],"author":[{"embeddable":true,"href":"https:\/\/cundawindsurf.com\/index.php?rest_route=\/wp\/v2\/users\/1"}],"replies":[{"embeddable":true,"href":"https:\/\/cundawindsurf.com\/index.php?rest_route=%2Fwp%2Fv2%2Fcomments&post=1208"}],"version-history":[{"count":4,"href":"https:\/\/cundawindsurf.com\/index.php?rest_route=\/wp\/v2\/pages\/1208\/revisions"}],"predecessor-version":[{"id":1225,"href":"https:\/\/cundawindsurf.com\/index.php?rest_route=\/wp\/v2\/pages\/1208\/revisions\/1225"}],"wp:attachment":[{"href":"https:\/\/cundawindsurf.com\/index.php?rest_route=%2Fwp%2Fv2%2Fmedia&parent=1208"}],"curies":[{"name":"wp","href":"https:\/\/api.w.org\/{rel}","templated":true}]}}