{"id":1198,"date":"2024-11-21T06:45:26","date_gmt":"2024-11-21T06:45:26","guid":{"rendered":"https:\/\/cundawindsurf.com\/?page_id=1198"},"modified":"2024-11-21T08:12:22","modified_gmt":"2024-11-21T08:12:22","slug":"magaza","status":"publish","type":"page","link":"https:\/\/cundawindsurf.com\/?page_id=1198","title":{"rendered":"Ma\u011faza"},"content":{"rendered":"<div class=\"wpb-content-wrapper\"><p>[vc_row][vc_column]<div class=\" cq-flipbox-container cq-bottomtop\" data-frontbg=\"#CCD1D9\" data-backbg=\"#AAB2BD\" data-fontcolor=\"\" data-face1=\"cq-flipbox-left\" data-face2=\"cq-flipbox-right\" data-flipdirection=\"bottomtop\" data-elementheight=\"669\" data-avatarsize=\"80\" data-frontcontentcolor=\"\" data-backcontentcolor=\"\" data-titlesize=\"\" data-contentsize=\"\" data-contentwidth=\"\" data-iconcolor=\"\" data-iconbg=\"\" data-elementmargin=\"30px 0 0\" data-elementwidth=\"\" data-cardborder=\"\" data-cardbordersize=\"\" data-bordercolor=\"#999\" data-backbuttonbg=\"\" data-backbuttonhoverbg=\"\" data-contentmargintop=\"\" data-cardshape=\"\" data-frontfullimage=\"https:\/\/cundawindsurf.com\/wp-content\/uploads\/2024\/11\/Beginner-Windsurf-Board-Fan.webp\" data-avatartype=\"none\" data-backfullimage=\"https:\/\/cundawindsurf.com\/wp-content\/uploads\/2024\/11\/Beginner-Windsurf-Board-Fan.webp\" data-backavatar=\"none\"><a href=\"https:\/\/cundawindsurf.com\/?page_id=1208\" title=\"R\u00fczgar S\u00f6rf\u00fc Tahtas\u0131\" target=\"\" class=\"cq-flipbox-link\"><div class=\"cq-flipbox-flipper\"><div class=\"cq-flipbox-item cq-flipbox-left\" onclick=\"\"><div class=\"cq-flipbox-content\"><h4 class=\"cq-flipbox-title\">R\u00fczgar S\u00f6rf\u00fc Tahtas\u0131<\/h4><\/div><\/div><div class=\"cq-flipbox-item cq-flipbox-right\" onclick=\"\"><div class=\"cq-flipbox-content\"><\/div><\/div><\/div><\/a><\/div><div class=\" cq-flipbox-container cq-bottomtop\" data-frontbg=\"#CCD1D9\" data-backbg=\"#AAB2BD\" data-fontcolor=\"\" data-face1=\"cq-flipbox-left\" data-face2=\"cq-flipbox-right\" data-flipdirection=\"bottomtop\" data-elementheight=\"669\" data-avatarsize=\"80\" data-frontcontentcolor=\"\" data-backcontentcolor=\"\" data-titlesize=\"\" data-contentsize=\"\" data-contentwidth=\"\" data-iconcolor=\"\" data-iconbg=\"\" data-elementmargin=\"30px 0 0\" data-elementwidth=\"\" data-cardborder=\"\" data-cardbordersize=\"\" data-bordercolor=\"#999\" data-backbuttonbg=\"\" data-backbuttonhoverbg=\"\" data-contentmargintop=\"\" data-cardshape=\"\" data-frontfullimage=\"https:\/\/cundawindsurf.com\/wp-content\/uploads\/2024\/11\/10002985_deepc3-680x920-1.jpg\" data-avatartype=\"none\" data-backfullimage=\"https:\/\/cundawindsurf.com\/wp-content\/uploads\/2024\/11\/10002985_deepc3-680x920-1.jpg\" data-backavatar=\"none\"><a href=\"https:\/\/cundawindsurf.com\/?page_id=1212\" title=\"\" target=\"\" class=\"cq-flipbox-link\"><div class=\"cq-flipbox-flipper\"><div class=\"cq-flipbox-item cq-flipbox-left\" onclick=\"\"><div class=\"cq-flipbox-content\"><h4 class=\"cq-flipbox-title\">R\u00fczgar S\u00f6rf\u00fc Trapezi<\/h4><\/div><\/div><div class=\"cq-flipbox-item cq-flipbox-right\" onclick=\"\"><div class=\"cq-flipbox-content\"><\/div><\/div><\/div><\/a><\/div>[\/vc_column][\/vc_row]<\/p>\n<\/div>","protected":false},"excerpt":{"rendered":"<p>[vc_row][vc_column][\/vc_column][\/vc_row]<\/p>\n","protected":false},"author":1,"featured_media":0,"parent":0,"menu_order":0,"comment_status":"closed","ping_status":"closed","template":"","meta":{"footnotes":""},"class_list":["post-1198","page","type-page","status-publish","hentry"],"_links":{"self":[{"href":"https:\/\/cundawindsurf.com\/index.php?rest_route=\/wp\/v2\/pages\/1198","targetHints":{"allow":["GET"]}}],"collection":[{"href":"https:\/\/cundawindsurf.com\/index.php?rest_route=\/wp\/v2\/pages"}],"about":[{"href":"https:\/\/cundawindsurf.com\/index.php?rest_route=\/wp\/v2\/types\/page"}],"author":[{"embeddable":true,"href":"https:\/\/cundawindsurf.com\/index.php?rest_route=\/wp\/v2\/users\/1"}],"replies":[{"embeddable":true,"href":"https:\/\/cundawindsurf.com\/index.php?rest_route=%2Fwp%2Fv2%2Fcomments&post=1198"}],"version-history":[{"count":5,"href":"https:\/\/cundawindsurf.com\/index.php?rest_route=\/wp\/v2\/pages\/1198\/revisions"}],"predecessor-version":[{"id":1222,"href":"https:\/\/cundawindsurf.com\/index.php?rest_route=\/wp\/v2\/pages\/1198\/revisions\/1222"}],"wp:attachment":[{"href":"https:\/\/cundawindsurf.com\/index.php?rest_route=%2Fwp%2Fv2%2Fmedia&parent=1198"}],"curies":[{"name":"wp","href":"https:\/\/api.w.org\/{rel}","templated":true}]}}