{"id":1180,"date":"2024-10-31T11:16:41","date_gmt":"2024-10-31T11:16:41","guid":{"rendered":"https:\/\/cundawindsurf.com\/?page_id=1180"},"modified":"2024-10-31T11:29:23","modified_gmt":"2024-10-31T11:29:23","slug":"ozel-dersler","status":"publish","type":"page","link":"https:\/\/cundawindsurf.com\/?page_id=1180","title":{"rendered":"\u00d6zel Dersler"},"content":{"rendered":"<div class=\"wpb-content-wrapper\"><p>[vc_row][vc_column][vc_single_image image=&#8221;1141&#8243; img_size=&#8221;large&#8221; style=&#8221;vc_box_rounded&#8221; css=&#8221;&#8221;][vc_column_text css=&#8221;&#8221;]Bu dersler, bireysel hedeflere y\u00f6nelik olarak tasarlanm\u0131\u015f, ki\u015fiselle\u015ftirilmi\u015f e\u011fitimlerdir. Her kat\u0131l\u0131mc\u0131, kendi h\u0131z\u0131nda ve gereksinimlerine uygun olarak \u00f6\u011frenme f\u0131rsat\u0131 bulur.<\/p>\n<ul>\n<li><strong>Ki\u015fisel Geli\u015fim<\/strong>: E\u011fitmen, kat\u0131l\u0131mc\u0131n\u0131n mevcut becerilerini de\u011ferlendirir ve ona \u00f6zel bir e\u011fitim plan\u0131 olu\u015fturur. Bu, g\u00fc\u00e7l\u00fc y\u00f6nlerin peki\u015ftirilmesi ve zay\u0131f y\u00f6nlerin geli\u015ftirilmesi i\u00e7in \u00f6nemlidir.<\/li>\n<li><strong>Birebir \u0130leti\u015fim<\/strong>: Bu dersler, kat\u0131l\u0131mc\u0131lara birebir etkile\u015fim imkan\u0131 sunar. E\u011fitmen, kat\u0131l\u0131mc\u0131n\u0131n her hareketini izleyerek anl\u0131k geri bildirimler sa\u011flar. Bu sayede kat\u0131l\u0131mc\u0131lar, hatalar\u0131n\u0131 h\u0131zl\u0131 bir \u015fekilde d\u00fczeltebilir ve daha h\u0131zl\u0131 \u00f6\u011frenir.<\/li>\n<li><strong>Esnek Programlama<\/strong>: Kat\u0131l\u0131mc\u0131lar, kendi programlar\u0131na uygun ders saatlerini belirleyebilirler. Bu esneklik, yo\u011fun \u00e7al\u0131\u015fma temposuna sahip olanlar i\u00e7in b\u00fcy\u00fck bir avantajd\u0131r. Dersler, istenildi\u011finde yo\u011funla\u015ft\u0131r\u0131labilir veya yay\u0131labilir, b\u00f6ylece kat\u0131l\u0131mc\u0131lar kendilerini en rahat hissettikleri \u015fekilde \u00f6\u011frenirler.<\/li>\n<\/ul>\n<p>[\/vc_column_text][\/vc_column][\/vc_row]<\/p>\n<\/div>","protected":false},"excerpt":{"rendered":"<p>[vc_row][vc_column][vc_single_image image=&#8221;1141&#8243; img_size=&#8221;large&#8221; style=&#8221;vc_box_rounded&#8221; css=&#8221;&#8221;][vc_column_text css=&#8221;&#8221;]Bu dersler, bireysel hedeflere y\u00f6nelik olarak tasarlanm\u0131\u015f, ki\u015fiselle\u015ftirilmi\u015f e\u011fitimlerdir. Her kat\u0131l\u0131mc\u0131, kendi h\u0131z\u0131nda ve gereksinimlerine&hellip;<\/p>\n","protected":false},"author":1,"featured_media":0,"parent":0,"menu_order":0,"comment_status":"closed","ping_status":"closed","template":"","meta":{"footnotes":""},"class_list":["post-1180","page","type-page","status-publish","hentry"],"_links":{"self":[{"href":"https:\/\/cundawindsurf.com\/index.php?rest_route=\/wp\/v2\/pages\/1180","targetHints":{"allow":["GET"]}}],"collection":[{"href":"https:\/\/cundawindsurf.com\/index.php?rest_route=\/wp\/v2\/pages"}],"about":[{"href":"https:\/\/cundawindsurf.com\/index.php?rest_route=\/wp\/v2\/types\/page"}],"author":[{"embeddable":true,"href":"https:\/\/cundawindsurf.com\/index.php?rest_route=\/wp\/v2\/users\/1"}],"replies":[{"embeddable":true,"href":"https:\/\/cundawindsurf.com\/index.php?rest_route=%2Fwp%2Fv2%2Fcomments&post=1180"}],"version-history":[{"count":2,"href":"https:\/\/cundawindsurf.com\/index.php?rest_route=\/wp\/v2\/pages\/1180\/revisions"}],"predecessor-version":[{"id":1186,"href":"https:\/\/cundawindsurf.com\/index.php?rest_route=\/wp\/v2\/pages\/1180\/revisions\/1186"}],"wp:attachment":[{"href":"https:\/\/cundawindsurf.com\/index.php?rest_route=%2Fwp%2Fv2%2Fmedia&parent=1180"}],"curies":[{"name":"wp","href":"https:\/\/api.w.org\/{rel}","templated":true}]}}