{"id":1178,"date":"2024-10-31T11:15:17","date_gmt":"2024-10-31T11:15:17","guid":{"rendered":"https:\/\/cundawindsurf.com\/?page_id=1178"},"modified":"2024-10-31T11:27:22","modified_gmt":"2024-10-31T11:27:22","slug":"ileri-duzey-kurslar","status":"publish","type":"page","link":"https:\/\/cundawindsurf.com\/?page_id=1178","title":{"rendered":"\u0130leri D\u00fczey Kurslar"},"content":{"rendered":"<div class=\"wpb-content-wrapper\"><p>[vc_row][vc_column][vc_single_image image=&#8221;1139&#8243; img_size=&#8221;large&#8221; style=&#8221;vc_box_rounded&#8221; css=&#8221;&#8221;][vc_column_text css=&#8221;&#8221;]Daha deneyimli s\u00f6rf\u00e7\u00fcler i\u00e7in tasarlanm\u0131\u015f bu kurslar, kat\u0131l\u0131mc\u0131lar\u0131n teknik bilgilerini derinle\u015ftirmek ve becerilerini daha da geli\u015ftirmek i\u00e7in f\u0131rsatlar sunar.<\/p>\n<ul>\n<li><strong>Geli\u015fmi\u015f Manevralar<\/strong>: Kat\u0131l\u0131mc\u0131lar, karma\u015f\u0131k manevralar ve teknikler \u00fczerinde \u00e7al\u0131\u015farak s\u00f6rf becerilerini bir \u00fcst seviyeye ta\u015f\u0131rlar. Bu, \u00f6zellikle ters d\u00f6n\u00fc\u015f, jump ve planing gibi ileri d\u00fczey hareketleri i\u00e7erir. E\u011fitmenler, kat\u0131l\u0131mc\u0131lar\u0131n bu manevralar\u0131 do\u011fru bir \u015fekilde ger\u00e7ekle\u015ftirebilmeleri i\u00e7in detayl\u0131 a\u00e7\u0131klamalar ve pratik destek sa\u011flar.<\/li>\n<li><strong>H\u0131z Kontrol\u00fc<\/strong>: R\u00fczgar\u0131 ve suyu daha iyi anlamak, h\u0131z kontrol\u00fcn\u00fc sa\u011flamak a\u00e7\u0131s\u0131ndan kritik \u00f6neme sahiptir. Kat\u0131l\u0131mc\u0131lar, r\u00fczgar\u0131n g\u00fcc\u00fcn\u00fc nas\u0131l kullanacaklar\u0131n\u0131, daha h\u0131zl\u0131 nas\u0131l gideceklerini ve \u00e7e\u015fitli hava ko\u015fullar\u0131nda nas\u0131l tepki vereceklerini \u00f6\u011frenirler. Ayr\u0131ca, yar\u0131\u015f stratejileri \u00fczerine bilgiler edinirler.<\/li>\n<li><strong>Yar\u0131\u015f Haz\u0131rl\u0131\u011f\u0131<\/strong>: \u0130leri d\u00fczey s\u00f6rf\u00e7\u00fcler i\u00e7in yar\u0131\u015flara haz\u0131rl\u0131k \u00f6nemli bir konudur. Bu kurs, kat\u0131l\u0131mc\u0131lara yar\u0131\u015f taktikleri, ba\u015flang\u0131\u00e7 stratejileri ve rakip analizleri hakk\u0131nda bilgi sunar. Kat\u0131l\u0131mc\u0131lar, yar\u0131\u015f s\u0131ras\u0131nda nas\u0131l odaklanacaklar\u0131 ve stres y\u00f6netimi konusunda da e\u011fitim al\u0131rlar.<\/li>\n<li><strong>Ekipman \u0130yile\u015ftirme<\/strong>: Kat\u0131l\u0131mc\u0131lara, kendi ekipmanlar\u0131n\u0131 nas\u0131l optimize edecekleri, bak\u0131m yapacaklar\u0131 ve performanslar\u0131n\u0131 art\u0131racaklar\u0131 konusunda tavsiyeler verilir. Bu, ki\u015fisel s\u00f6rf deneyimlerini iyile\u015ftirmek ad\u0131na \u00f6nemli bir ad\u0131md\u0131r.<\/li>\n<\/ul>\n<p>[\/vc_column_text][\/vc_column][\/vc_row]<\/p>\n<\/div>","protected":false},"excerpt":{"rendered":"<p>[vc_row][vc_column][vc_single_image image=&#8221;1139&#8243; img_size=&#8221;large&#8221; style=&#8221;vc_box_rounded&#8221; css=&#8221;&#8221;][vc_column_text css=&#8221;&#8221;]Daha deneyimli s\u00f6rf\u00e7\u00fcler i\u00e7in tasarlanm\u0131\u015f bu kurslar, kat\u0131l\u0131mc\u0131lar\u0131n teknik bilgilerini derinle\u015ftirmek ve becerilerini daha da&hellip;<\/p>\n","protected":false},"author":1,"featured_media":0,"parent":0,"menu_order":0,"comment_status":"closed","ping_status":"closed","template":"","meta":{"footnotes":""},"class_list":["post-1178","page","type-page","status-publish","hentry"],"_links":{"self":[{"href":"https:\/\/cundawindsurf.com\/index.php?rest_route=\/wp\/v2\/pages\/1178","targetHints":{"allow":["GET"]}}],"collection":[{"href":"https:\/\/cundawindsurf.com\/index.php?rest_route=\/wp\/v2\/pages"}],"about":[{"href":"https:\/\/cundawindsurf.com\/index.php?rest_route=\/wp\/v2\/types\/page"}],"author":[{"embeddable":true,"href":"https:\/\/cundawindsurf.com\/index.php?rest_route=\/wp\/v2\/users\/1"}],"replies":[{"embeddable":true,"href":"https:\/\/cundawindsurf.com\/index.php?rest_route=%2Fwp%2Fv2%2Fcomments&post=1178"}],"version-history":[{"count":2,"href":"https:\/\/cundawindsurf.com\/index.php?rest_route=\/wp\/v2\/pages\/1178\/revisions"}],"predecessor-version":[{"id":1185,"href":"https:\/\/cundawindsurf.com\/index.php?rest_route=\/wp\/v2\/pages\/1178\/revisions\/1185"}],"wp:attachment":[{"href":"https:\/\/cundawindsurf.com\/index.php?rest_route=%2Fwp%2Fv2%2Fmedia&parent=1178"}],"curies":[{"name":"wp","href":"https:\/\/api.w.org\/{rel}","templated":true}]}}