{"id":1175,"date":"2024-10-31T11:12:23","date_gmt":"2024-10-31T11:12:23","guid":{"rendered":"https:\/\/cundawindsurf.com\/?page_id=1175"},"modified":"2024-10-31T11:23:41","modified_gmt":"2024-10-31T11:23:41","slug":"baslangic-kurslari","status":"publish","type":"page","link":"https:\/\/cundawindsurf.com\/?page_id=1175","title":{"rendered":"Ba\u015flang\u0131\u00e7 Kurslar\u0131"},"content":{"rendered":"<div class=\"wpb-content-wrapper\"><p>[vc_row][vc_column][vc_single_image image=&#8221;1137&#8243; img_size=&#8221;large&#8221; style=&#8221;vc_box_rounded&#8221; css=&#8221;&#8221;][vc_column_text css=&#8221;&#8221;]R\u00fczgar s\u00f6rf\u00fcne yeni ad\u0131m atanlar i\u00e7in m\u00fckemmel bir ba\u015flang\u0131\u00e7 noktas\u0131d\u0131r. Bu kurs, temel becerilerin kazan\u0131lmas\u0131 ve g\u00fcvenli bir \u00f6\u011frenme ortam\u0131 sa\u011flanmas\u0131 amac\u0131yla tasarlanm\u0131\u015ft\u0131r.<\/p>\n<ul>\n<li><strong>Ekipman Tan\u0131t\u0131m\u0131<\/strong>: Kursun ba\u015f\u0131nda, r\u00fczgar s\u00f6rf\u00fc ekipman\u0131n\u0131n par\u00e7alar\u0131 detayl\u0131 bir \u015fekilde tan\u0131t\u0131l\u0131r. Kat\u0131l\u0131mc\u0131lar, s\u00f6rf tahtas\u0131, yelken, mast, fin ve trapez gibi ekipmanlar\u0131n i\u015flevlerini \u00f6\u011frenirler. Ayr\u0131ca, her ekipman\u0131n nas\u0131l montaj yap\u0131laca\u011f\u0131 ve nas\u0131l bak\u0131laca\u011f\u0131 konusunda bilgiler verilir.<\/li>\n<li><strong>Temel Teknikler<\/strong>: R\u00fczgar s\u00f6rf\u00fc, denge ve y\u00f6nlendirme becerileri gerektirir. Bu kurs s\u0131ras\u0131nda, kat\u0131l\u0131mc\u0131lar r\u00fczgar\u0131n y\u00f6n\u00fcn\u00fc anlamay\u0131, s\u00f6rf tahtas\u0131nda dengede durmay\u0131 ve yelkeni etkili bir \u015fekilde kontrol etmeyi \u00f6\u011frenirler. Ayr\u0131ca, s\u00f6rf tahtas\u0131 \u00fczerinde hareket etmeyi ve d\u00f6n\u00fc\u015f yapmay\u0131 da prati\u011fe d\u00f6kerler.<\/li>\n<li><strong>G\u00fcvenlik E\u011fitimi<\/strong>: G\u00fcvenlik, su sporlar\u0131nda kritik \u00f6neme sahiptir. Kat\u0131l\u0131mc\u0131lara, r\u00fczgar s\u00f6rf\u00fc s\u0131ras\u0131nda dikkat etmeleri gereken temel g\u00fcvenlik kurallar\u0131, kurtarma teknikleri ve acil durum y\u00f6netimi \u00f6\u011fretilir. D\u00fc\u015fme durumunda nas\u0131l hareket edecekleri ve suya d\u00fc\u015fen birinin nas\u0131l kurtar\u0131laca\u011f\u0131 konular\u0131nda pratik bilgiler verilir.<\/li>\n<li><strong>Pratik Uygulamalar<\/strong>: E\u011fitmenler e\u015fli\u011finde, kat\u0131l\u0131mc\u0131lar su \u00fczerinde uygulama yaparak \u00f6\u011frendiklerini peki\u015ftirirler. Her kat\u0131l\u0131mc\u0131, bireysel olarak e\u011fitmenlerden anl\u0131k geri bildirim alarak geli\u015fimlerini h\u0131zland\u0131r\u0131r. Kurs sonunda kat\u0131l\u0131mc\u0131lar, temel d\u00fczeyde r\u00fczgar s\u00f6rf\u00fc yapabilecek yeterlilikte olurlar.<\/li>\n<\/ul>\n<p>[\/vc_column_text][\/vc_column][\/vc_row]<\/p>\n<\/div>","protected":false},"excerpt":{"rendered":"<p>[vc_row][vc_column][vc_single_image image=&#8221;1137&#8243; img_size=&#8221;large&#8221; style=&#8221;vc_box_rounded&#8221; css=&#8221;&#8221;][vc_column_text css=&#8221;&#8221;]R\u00fczgar s\u00f6rf\u00fcne yeni ad\u0131m atanlar i\u00e7in m\u00fckemmel bir ba\u015flang\u0131\u00e7 noktas\u0131d\u0131r. Bu kurs, temel becerilerin kazan\u0131lmas\u0131&hellip;<\/p>\n","protected":false},"author":1,"featured_media":0,"parent":0,"menu_order":0,"comment_status":"closed","ping_status":"closed","template":"","meta":{"footnotes":""},"class_list":["post-1175","page","type-page","status-publish","hentry"],"_links":{"self":[{"href":"https:\/\/cundawindsurf.com\/index.php?rest_route=\/wp\/v2\/pages\/1175","targetHints":{"allow":["GET"]}}],"collection":[{"href":"https:\/\/cundawindsurf.com\/index.php?rest_route=\/wp\/v2\/pages"}],"about":[{"href":"https:\/\/cundawindsurf.com\/index.php?rest_route=\/wp\/v2\/types\/page"}],"author":[{"embeddable":true,"href":"https:\/\/cundawindsurf.com\/index.php?rest_route=\/wp\/v2\/users\/1"}],"replies":[{"embeddable":true,"href":"https:\/\/cundawindsurf.com\/index.php?rest_route=%2Fwp%2Fv2%2Fcomments&post=1175"}],"version-history":[{"count":2,"href":"https:\/\/cundawindsurf.com\/index.php?rest_route=\/wp\/v2\/pages\/1175\/revisions"}],"predecessor-version":[{"id":1184,"href":"https:\/\/cundawindsurf.com\/index.php?rest_route=\/wp\/v2\/pages\/1175\/revisions\/1184"}],"wp:attachment":[{"href":"https:\/\/cundawindsurf.com\/index.php?rest_route=%2Fwp%2Fv2%2Fmedia&parent=1175"}],"curies":[{"name":"wp","href":"https:\/\/api.w.org\/{rel}","templated":true}]}}